{"id":23,"date":"2025-05-02T18:54:13","date_gmt":"2025-05-02T18:54:13","guid":{"rendered":"https:\/\/koffiebar-op-locatie.nl\/?page_id=23"},"modified":"2025-05-02T18:54:13","modified_gmt":"2025-05-02T18:54:13","slug":"entourage","status":"publish","type":"page","link":"https:\/\/koffiebar-op-locatie.nl\/index.php\/entourage\/","title":{"rendered":"Entourage"},"content":{"rendered":"\n<h1 class=\"wp-block-heading\">Verschillende barista\u2019s, verschillende stijlen<\/h1>\n\n\n\n<p>Niet elke barista werkt vanuit dezelfde setting of met dezelfde middelen. Van eenvoudige koffiestand tot luxe mobiele koffiebar: de manier waarop een barista zich presenteert en zijn koffie zet, verschilt sterk. Dat maakt het ontdekken van verschillende barista\u2019s juist zo leuk.<\/p>\n\n\n\n<p>Waar de \u00e9\u00e9n werkt met een compacte volautomatische espressomachine en een klein werkblad, kiest de ander voor een uitgebreide opstelling met professionele apparatuur en sfeervolle aankleding.<\/p>\n\n\n\n<h2 class=\"wp-block-heading\">Van basic tot compleet: de diversiteit in barista-uitrusting<\/h2>\n\n\n\n<h3 class=\"wp-block-heading\">Volautomatische espressomachine en compacte opstelling<\/h3>\n\n\n\n<p>Sommige barista\u2019s kiezen voor praktisch en snel. Een volautomatische espressomachine is eenvoudig te bedienen en ideaal voor locaties waar snelheid belangrijk is. Vaak combineren zij dit met een kastje of een mobiele tafel waarop benodigdheden als koffiebekers, suiker, melk en koekjes overzichtelijk staan uitgestald.<\/p>\n\n\n\n<h3 class=\"wp-block-heading\">Pistonmachine en ambachtelijke uitstraling<\/h3>\n\n\n\n<p>Voor de echte koffieliefhebber draait het om vakmanschap. Barista\u2019s die werken met pistonmachines brengen niet alleen topkwaliteit koffie, maar ook een stukje beleving. Met deze halfautomatische machines kunnen zij elke espresso perfect afstemmen. Vaak gaat dit gepaard met een mooi vormgegeven bar, sfeervolle accessoires en een duidelijke focus op presentatie.<\/p>\n\n\n\n<h3 class=\"wp-block-heading\">Mobiele koffiebar, Piaggio of uitgebreide inventaris<\/h3>\n\n\n\n<p>Er zijn ook barista\u2019s die all-in gaan. Denk aan prachtig omgebouwde&nbsp;<strong>Piaggio\u2019s<\/strong>&nbsp;of andere mobiele koffiebars die volledig zijn ingericht als mini-caf\u00e9. Hier vind je alles: van hoogwaardige apparatuur en verse bonen tot stijlvolle serveeropties en een ruim aanbod aan zoetigheden. Deze barista\u2019s zorgen voor een unieke sfeer en trekken direct de aandacht op evenementen, markten of bedrijfsfeesten.<\/p>\n\n\n\n<h2 class=\"wp-block-heading\">Alles voor de perfecte koffiebeleving<\/h2>\n\n\n\n<p>Welke stijl ook gekozen wordt, \u00e9\u00e9n ding is zeker: iedere barista streeft naar het cre\u00ebren van de ultieme koffiebeleving. De uitstraling en uitrusting versterken deze beleving en maken het verschil tussen gewoon een kop koffie en een moment van genieten.<\/p>\n","protected":false},"excerpt":{"rendered":"<p>Verschillende barista\u2019s, verschillende stijlen Niet elke barista werkt vanuit dezelfde setting of met dezelfde middelen. Van eenvoudige koffiestand tot luxe mobiele koffiebar: de manier waarop een barista zich presenteert en zijn koffie zet, verschilt sterk. Dat maakt het ontdekken van verschillende barista\u2019s juist zo leuk. Waar de \u00e9\u00e9n werkt met een compacte volautomatische espressomachine en [&hellip;]<\/p>\n","protected":false},"author":1,"featured_media":0,"parent":0,"menu_order":0,"comment_status":"closed","ping_status":"closed","template":"","meta":{"footnotes":""},"class_list":["post-23","page","type-page","status-publish","hentry"],"_links":{"self":[{"href":"https:\/\/koffiebar-op-locatie.nl\/index.php\/wp-json\/wp\/v2\/pages\/23","targetHints":{"allow":["GET"]}}],"collection":[{"href":"https:\/\/koffiebar-op-locatie.nl\/index.php\/wp-json\/wp\/v2\/pages"}],"about":[{"href":"https:\/\/koffiebar-op-locatie.nl\/index.php\/wp-json\/wp\/v2\/types\/page"}],"author":[{"embeddable":true,"href":"https:\/\/koffiebar-op-locatie.nl\/index.php\/wp-json\/wp\/v2\/users\/1"}],"replies":[{"embeddable":true,"href":"https:\/\/koffiebar-op-locatie.nl\/index.php\/wp-json\/wp\/v2\/comments?post=23"}],"version-history":[{"count":1,"href":"https:\/\/koffiebar-op-locatie.nl\/index.php\/wp-json\/wp\/v2\/pages\/23\/revisions"}],"predecessor-version":[{"id":24,"href":"https:\/\/koffiebar-op-locatie.nl\/index.php\/wp-json\/wp\/v2\/pages\/23\/revisions\/24"}],"wp:attachment":[{"href":"https:\/\/koffiebar-op-locatie.nl\/index.php\/wp-json\/wp\/v2\/media?parent=23"}],"curies":[{"name":"wp","href":"https:\/\/api.w.org\/{rel}","templated":true}]}}